{"id":2,"date":"2025-04-28T10:58:07","date_gmt":"2025-04-28T10:58:07","guid":{"rendered":"http:\/\/www.carlslundstodboende.se\/?page_id=2"},"modified":"2026-02-26T11:01:51","modified_gmt":"2026-02-26T11:01:51","slug":"about","status":"publish","type":"page","link":"https:\/\/www.carlslundstodboende.se\/","title":{"rendered":"About"},"content":{"rendered":"<div class='avia-image-container  av-styling-   avia-align-center '  itemscope=\"itemscope\" itemtype=\"https:\/\/schema.org\/ImageObject\"  ><div class='avia-image-container-inner'><img class='avia_image ' src='https:\/\/www.carlslundstodboende.se\/wp-content\/uploads\/2026\/02\/framsida.jpg' alt='' title='framsida'   itemprop=\"thumbnailUrl\"  \/><\/div><\/div>\n<section class=\"av_textblock_section\"  itemscope=\"itemscope\" itemtype=\"https:\/\/schema.org\/CreativeWork\" ><div class='avia_textblock  av_inherit_color'   itemprop=\"text\" ><p style=\"text-align: center;\"><strong>Carlslund st\u00f6dboende ligger i V\u00e4rmland mellan Kristinehamn och Gullsp\u00e5ng,\u00a0<\/strong><br \/>\n<strong> i det lilla samh\u00e4llet Nybble.<\/strong><br \/>\nVi erbjuder st\u00f6dboende f\u00f6r m\u00e4n och kvinnor som beh\u00f6ver hj\u00e4lp och st\u00f6d i sin vardag&#8230; <a href=\"http:\/\/www.carlslundstodboende.se\/?page_id=36\">L\u00e4s mer h\u00e4r!<\/a><\/p>\n<\/div><\/section>\n<\/div><\/div><\/div><!-- close content main div --><\/div><\/div><div id='full_slider_1' class='avia-fullwidth-slider main_color avia-shadow  container_wrap sidebar_right'   ><div  data-size='featured'  data-lightbox_size='large'  data-animation='slide'  data-ids='324,393,392,389,391,388'  data-video_counter='0'  data-autoplay='true'  data-bg_slider='false'  data-slide_height=''  data-handle='av_slideshow_full'  data-interval='3'  data-class=' '  data-css_id=''  data-scroll_down=''  data-control_layout='av-control-default'  data-custom_markup=''  data-perma_caption=''  data-autoplay_stopper=''  data-image_attachment=''  data-min_height='0px'  data-src=''  data-position='top left'  data-repeat='no-repeat'  data-attach='scroll'  data-stretch=''  data-default-height='28.6666666667'  class='avia-slideshow avia-slideshow-1  av-control-default av-default-height-applied avia-slideshow-featured av_slideshow_full   avia-slide-slider '  itemscope=\"itemscope\" itemtype=\"https:\/\/schema.org\/ImageObject\" ><ul class='avia-slideshow-inner' style='padding-bottom: 28.6666666667%;'><li  class=' slide-1 ' ><div data-rel='slideshow-1' class='avia-slide-wrap'  ><img src='https:\/\/www.carlslundstodboende.se\/wp-content\/uploads\/2025\/04\/untitled-0062-1500x430.jpg' width='1500' height='430' title='untitled-0062' alt=''  itemprop=\"thumbnailUrl\"   \/><\/div><\/li><li  class=' slide-2 ' ><div data-rel='slideshow-1' class='avia-slide-wrap'  ><img src='https:\/\/www.carlslundstodboende.se\/wp-content\/uploads\/2025\/04\/26-1500x430.jpg' width='1500' height='430' title='26' alt=''  itemprop=\"thumbnailUrl\"   \/><\/div><\/li><li  class=' slide-3 ' ><div data-rel='slideshow-1' class='avia-slide-wrap'  ><img src='https:\/\/www.carlslundstodboende.se\/wp-content\/uploads\/2025\/04\/21-1-1500x430.jpg' width='1500' height='430' title='21' alt=''  itemprop=\"thumbnailUrl\"   \/><\/div><\/li><li  class=' slide-4 ' ><div data-rel='slideshow-1' class='avia-slide-wrap'  ><img src='https:\/\/www.carlslundstodboende.se\/wp-content\/uploads\/2025\/04\/23jpg-1500x430.jpg' width='1500' height='430' title='23jpg' alt=''  itemprop=\"thumbnailUrl\"   \/><\/div><\/li><li  class=' slide-5 ' ><div data-rel='slideshow-1' class='avia-slide-wrap'  ><img src='https:\/\/www.carlslundstodboende.se\/wp-content\/uploads\/2025\/04\/25-1500x430.jpg' width='1500' height='430' title='25' alt=''  itemprop=\"thumbnailUrl\"   \/><\/div><\/li><li  class=' slide-6 ' ><div data-rel='slideshow-1' class='avia-slide-wrap'  ><img src='https:\/\/www.carlslundstodboende.se\/wp-content\/uploads\/2025\/04\/21-1500x430.jpg' width='1500' height='430' title='21' alt=''  itemprop=\"thumbnailUrl\"   \/><\/div><\/li><\/ul><div class='avia-slideshow-arrows avia-slideshow-controls'><a href='#prev' class='prev-slide' aria-hidden='true' data-av_icon='\ue87c' data-av_iconfont='entypo-fontello'>F\u00f6reg\u00e5ende<\/a><a href='#next' class='next-slide' aria-hidden='true' data-av_icon='\ue87d' data-av_iconfont='entypo-fontello'>N\u00e4sta<\/a><\/div><div class='avia-slideshow-dots avia-slideshow-controls'><a href='#1' class='goto-slide active' >1<\/a><a href='#2' class='goto-slide ' >2<\/a><a href='#3' class='goto-slide ' >3<\/a><a href='#4' class='goto-slide ' >4<\/a><a href='#5' class='goto-slide ' >5<\/a><a href='#6' class='goto-slide ' >6<\/a><\/div><\/div><\/div>\n<div class=\"flex_column av_one_full  flex_column_div av-zero-column-padding first  \" style='border-radius:0px; '><section class=\"av_textblock_section\"  itemscope=\"itemscope\" itemtype=\"https:\/\/schema.org\/CreativeWork\" ><div class='avia_textblock  av_inherit_color'   itemprop=\"text\" ><h5>Kontakta oss<\/h5>\n<p>Om du har fr\u00e5gor eller \u00f6nskar mer information om v\u00e5r verksamhet \u00e4r du v\u00e4lkommen att h\u00f6ra av dig.<\/p>\n<p>Vi besvarar g\u00e4rna dina fr\u00e5gor och hj\u00e4lper dig med den information du beh\u00f6ver.<\/p>\n<h6>\ud83d\udcde Telefon: 070-308 55 06<\/h6>\n<p><!--more--><\/p>\n<h6>\u2709\ufe0f E-post: info@carlslundstodboende.se<\/h6>\n<p><!--more--><\/p>\n<h6>Carlslund st\u00f6dboende<\/h6>\n<h6>V\u00e4rmlands-S\u00e4by Karlslund 3<\/h6>\n<h6>681 92 Kristinehamn<\/h6>\n<p><!--more--><\/p>\n<\/div><\/section><\/div>\n<section class=\"avia_codeblock_section avia_code_block_0\"  itemscope=\"itemscope\" itemtype=\"https:\/\/schema.org\/CreativeWork\" ><div class='avia_codeblock '  itemprop=\"text\" > [avia_codeblock_placeholder uid=\"0\"] <\/div><\/section>\n","protected":false},"excerpt":{"rendered":"<p>Kontakta oss Om du har fr\u00e5gor eller \u00f6nskar mer information om v\u00e5r verksamhet \u00e4r du v\u00e4lkommen att h\u00f6ra av dig. Vi besvarar g\u00e4rna dina fr\u00e5gor och hj\u00e4lper dig med den information du beh\u00f6ver. \ud83d\udcde Telefon: 070-308 55 06<\/p>\n","protected":false},"author":2,"featured_media":0,"parent":0,"menu_order":0,"comment_status":"open","ping_status":"open","template":"","meta":{"footnotes":""},"class_list":["post-2","page","type-page","status-publish","hentry"],"_links":{"self":[{"href":"https:\/\/www.carlslundstodboende.se\/index.php?rest_route=\/wp\/v2\/pages\/2","targetHints":{"allow":["GET"]}}],"collection":[{"href":"https:\/\/www.carlslundstodboende.se\/index.php?rest_route=\/wp\/v2\/pages"}],"about":[{"href":"https:\/\/www.carlslundstodboende.se\/index.php?rest_route=\/wp\/v2\/types\/page"}],"author":[{"embeddable":true,"href":"https:\/\/www.carlslundstodboende.se\/index.php?rest_route=\/wp\/v2\/users\/2"}],"replies":[{"embeddable":true,"href":"https:\/\/www.carlslundstodboende.se\/index.php?rest_route=%2Fwp%2Fv2%2Fcomments&post=2"}],"version-history":[{"count":53,"href":"https:\/\/www.carlslundstodboende.se\/index.php?rest_route=\/wp\/v2\/pages\/2\/revisions"}],"predecessor-version":[{"id":517,"href":"https:\/\/www.carlslundstodboende.se\/index.php?rest_route=\/wp\/v2\/pages\/2\/revisions\/517"}],"wp:attachment":[{"href":"https:\/\/www.carlslundstodboende.se\/index.php?rest_route=%2Fwp%2Fv2%2Fmedia&parent=2"}],"curies":[{"name":"wp","href":"https:\/\/api.w.org\/{rel}","templated":true}]}}