{"id":281,"date":"2025-04-28T10:10:43","date_gmt":"2025-04-28T10:10:43","guid":{"rendered":"https:\/\/www.carlslundstodboende.se\/?page_id=281"},"modified":"2026-02-26T11:24:21","modified_gmt":"2026-02-26T11:24:21","slug":"personala","status":"publish","type":"page","link":"https:\/\/www.carlslundstodboende.se\/?page_id=281","title":{"rendered":"PersonalA"},"content":{"rendered":"<section class=\"av_textblock_section\"  itemscope=\"itemscope\" itemtype=\"https:\/\/schema.org\/CreativeWork\" ><div class='avia_textblock  av_inherit_color'   itemprop=\"text\" ><h6 class=\"p1\" style=\"text-align: center;\">Personal<\/h6>\n<p class=\"p2\" style=\"text-align: center;\">V\u00e5rt team best\u00e5r av sjuksk\u00f6terska, behandlingsassistenter, psykiatril\u00e4kare, undersk\u00f6terska med inriktning psykiatri, boendest\u00f6djare samt verksamhetsf\u00f6rest\u00e5ndare.<\/p>\n<p class=\"p2\" style=\"text-align: center;\">Tillsammans besitter vi en bred kompetens inom missbruk och psykiatri.<\/p>\n<p><img loading=\"lazy\" decoding=\"async\" class=\"size-medium wp-image-392 aligncenter\" src=\"https:\/\/www.carlslundstodboende.se\/wp-content\/uploads\/2025\/04\/21-1-300x300.jpg\" alt=\"\" width=\"300\" height=\"300\" srcset=\"https:\/\/www.carlslundstodboende.se\/wp-content\/uploads\/2025\/04\/21-1-300x300.jpg 300w, https:\/\/www.carlslundstodboende.se\/wp-content\/uploads\/2025\/04\/21-1-1030x1030.jpg 1030w, https:\/\/www.carlslundstodboende.se\/wp-content\/uploads\/2025\/04\/21-1-80x80.jpg 80w, https:\/\/www.carlslundstodboende.se\/wp-content\/uploads\/2025\/04\/21-1-768x768.jpg 768w, https:\/\/www.carlslundstodboende.se\/wp-content\/uploads\/2025\/04\/21-1-1536x1536.jpg 1536w, https:\/\/www.carlslundstodboende.se\/wp-content\/uploads\/2025\/04\/21-1-2048x2048.jpg 2048w, https:\/\/www.carlslundstodboende.se\/wp-content\/uploads\/2025\/04\/21-1-36x36.jpg 36w, https:\/\/www.carlslundstodboende.se\/wp-content\/uploads\/2025\/04\/21-1-180x180.jpg 180w, https:\/\/www.carlslundstodboende.se\/wp-content\/uploads\/2025\/04\/21-1-1500x1500.jpg 1500w, https:\/\/www.carlslundstodboende.se\/wp-content\/uploads\/2025\/04\/21-1-705x705.jpg 705w, https:\/\/www.carlslundstodboende.se\/wp-content\/uploads\/2025\/04\/21-1-120x120.jpg 120w, https:\/\/www.carlslundstodboende.se\/wp-content\/uploads\/2025\/04\/21-1-450x450.jpg 450w\" sizes=\"auto, (max-width: 300px) 100vw, 300px\" \/><\/p>\n<\/div><\/section>\n","protected":false},"excerpt":{"rendered":"","protected":false},"author":2,"featured_media":0,"parent":0,"menu_order":0,"comment_status":"closed","ping_status":"closed","template":"","meta":{"footnotes":""},"class_list":["post-281","page","type-page","status-publish","hentry"],"_links":{"self":[{"href":"https:\/\/www.carlslundstodboende.se\/index.php?rest_route=\/wp\/v2\/pages\/281","targetHints":{"allow":["GET"]}}],"collection":[{"href":"https:\/\/www.carlslundstodboende.se\/index.php?rest_route=\/wp\/v2\/pages"}],"about":[{"href":"https:\/\/www.carlslundstodboende.se\/index.php?rest_route=\/wp\/v2\/types\/page"}],"author":[{"embeddable":true,"href":"https:\/\/www.carlslundstodboende.se\/index.php?rest_route=\/wp\/v2\/users\/2"}],"replies":[{"embeddable":true,"href":"https:\/\/www.carlslundstodboende.se\/index.php?rest_route=%2Fwp%2Fv2%2Fcomments&post=281"}],"version-history":[{"count":37,"href":"https:\/\/www.carlslundstodboende.se\/index.php?rest_route=\/wp\/v2\/pages\/281\/revisions"}],"predecessor-version":[{"id":421,"href":"https:\/\/www.carlslundstodboende.se\/index.php?rest_route=\/wp\/v2\/pages\/281\/revisions\/421"}],"wp:attachment":[{"href":"https:\/\/www.carlslundstodboende.se\/index.php?rest_route=%2Fwp%2Fv2%2Fmedia&parent=281"}],"curies":[{"name":"wp","href":"https:\/\/api.w.org\/{rel}","templated":true}]}}