{"id":36,"date":"2025-04-28T10:10:14","date_gmt":"2025-04-28T10:10:14","guid":{"rendered":"http:\/\/www.carlslundstodboende.se\/?page_id=36"},"modified":"2026-02-26T12:32:48","modified_gmt":"2026-02-26T12:32:48","slug":"information-om-verksamheten","status":"publish","type":"page","link":"https:\/\/www.carlslundstodboende.se\/?page_id=36","title":{"rendered":"Information om verksamheten."},"content":{"rendered":"<section class=\"av_textblock_section\"  itemscope=\"itemscope\" itemtype=\"https:\/\/schema.org\/CreativeWork\" ><div class='avia_textblock  av_inherit_color'   itemprop=\"text\" ><h4 style=\"text-align: left;\"><span style=\"font-family: Times New Roman,serif;\"><span style=\"font-size: medium;\"><span style=\"color: #3f382f;\"><span style=\"font-family: Arial,serif;\"><b>V\u00e5r Verksamhet<\/b><\/span><\/span><\/span><\/span><\/h4>\n<p class=\"p1\"><strong><span class=\"s1\">Carlslund \u00e4r ett st\u00f6dboende f\u00f6r m\u00e4n och kvinnor \u00f6ver 21 \u00e5r. V\u00e5rt boende \u00e4r bemannat dygnet runt. Vi jobbar med individanpassade veckoscheman f\u00f6r att skapa bra och h\u00e5llbara rutiner. V\u00e5rt fokus \u00e4r att skapa en trygg och meningsfull vardag d\u00e4r varje person f\u00e5r m\u00f6jlighet att utvecklas i sin egen takt. Genom att erbjuda b\u00e5de fritids- och rehabiliterande aktiviteter p\u00e5 boendet och ute i samh\u00e4llet st\u00e4rker vi sj\u00e4lvk\u00e4nsla, sj\u00e4lvf\u00f6rtroende och k\u00e4nslan av sammanhang.<\/span><\/strong><\/p>\n<p class=\"p1\"><strong><span class=\"s1\">V\u00e5rt m\u00e5l \u00e4r att skapa en stabil och s\u00e4ker milj\u00f6 d\u00e4r varje individ f\u00e5r det st\u00f6d som beh\u00f6vs f\u00f6r att utvecklas i sin egen takt. <\/span><\/strong><\/p>\n<p class=\"p1\"><strong><span class=\"s1\">V\u00e5r personal finns alltid tillg\u00e4nglig att st\u00f6tta de boende f\u00f6r att hitta struktur och rutiner i sin vardag. Motiverande samtal anv\u00e4nds f\u00f6r v\u00e4gledning och att st\u00f6tta de boendes planering fram\u00e5t f\u00f6r att till exempel p\u00e5b\u00f6rja studier, praktik, ta upp fritidsintressen eller uppr\u00e4tta kontakt med anh\u00f6riga. Vi anser att bra relationer \u00e4r en f\u00f6ruts\u00e4ttning f\u00f6r ett positivt f\u00f6r\u00e4ndringsarbete.<\/span><\/strong><\/p>\n<p class=\"p1\"><strong><span class=\"s1\">M\u00f6jlighet till vistelse i en utav v\u00e5ra utslussl\u00e4genheter finns vid efterfr\u00e5gan och behov.<\/span><\/strong><\/p>\n<p style=\"text-align: left;\"><span style=\"font-family: Times New Roman,serif;\"><span style=\"font-size: medium;\"><span style=\"color: #3f382f;\"><span style=\"font-family: Arial,serif;\"><b>Personal <\/b><\/span><\/span><\/span><\/span><\/p>\n<p style=\"text-align: left;\"><strong>V\u00e5rt team best\u00e5r av behandlare, behandlingsassistenter, sjuksk\u00f6terska, psykiatril\u00e4kare och boendest\u00f6djare som finns p\u00e5 plats f\u00f6r att s\u00e4kerst\u00e4lla kvalitet, trygghet och kontinuitet i v\u00e5rden. Erfarenhet och kunskap inom psykiatri (inkl, r\u00e4ttspsykiatri), missbruk och psykisk oh\u00e4lsa, \u00e4ven erfarenhet av skyddat boende.<\/strong><\/p>\n<p style=\"text-align: left;\"><strong>Placeringen anpassas alltid efter placerarens \u00f6nskem\u00e5l och klientens individuella behov och f\u00f6ruts\u00e4ttningar. Vi tror p\u00e5 varje m\u00e4nniskas m\u00f6jlighet att v\u00e4xa i sin egen takt.<\/strong><strong>\u00a0<\/strong><\/p>\n<p style=\"text-align: left;\"><span style=\"font-family: Times New Roman,serif;\"><span style=\"font-size: medium;\"><span style=\"color: #3f382f;\"><span style=\"font-family: Arial,serif;\"><b>Utbildningar<\/b><\/span><\/span><\/span><\/span><\/p>\n<p class=\"p1\"><span class=\"s1\"><b>Personalen \u00e4r MI-utbildade. V\u00e5r personal har ocks\u00e5 utbildning inom rePULSE, ESL (Ett Sj\u00e4lvst\u00e4ndigt Liv), FREDA, tr\u00e4ning och friskv\u00e5rd.<\/b><\/span><\/p>\n<p style=\"text-align: left;\"><span style=\"font-family: Times New Roman,serif;\"><span style=\"font-size: medium;\"><span style=\"color: #3f382f;\"><span style=\"font-family: Arial,serif;\"><b>Placeringar<\/b><\/span><\/span><\/span><\/span><\/p>\n<p class=\"p1\"><span class=\"s1\"><b>Vi tar emot b\u00e5de korttids- och l\u00e5ngtidsplaceringar samt akuta placeringar. Vid behov kan vi \u00e4ven ordna h\u00e4mtning av klienter.<\/b><\/span><\/p>\n<p class=\"p1\"><span class=\"s1\"><b>Vi har alltid de boende i fokus och arbetar l\u00f6pande med att hitta f\u00f6rb\u00e4ttringar f\u00f6r att utvecklas.<br \/>\nVarje medarbetare ansvarar f\u00f6r att vi levererar h\u00f6g kvalitet till b\u00e5de de boende och placerare.<br \/>\nV\u00e5r teamk\u00e4nsla och engagemang ska synas i v\u00e5rt dagliga arbete. <\/b><\/span><span class=\"s1\"><b>Vi tar emot personer som v\u00e5rdas enligt SoL och LVM i \u00f6ppenv\u00e5rd (\u00a727), r\u00e4ttpsykiatri, socialpsykiatri och kriminalv\u00e5rden.\u00a0<\/b><\/span><\/p>\n<p class=\"p1\"><span class=\"s1\"><b><span style=\"font-family: Times New Roman,serif;\"><span style=\"font-size: medium;\"><span style=\"color: #3f382f;\"><span style=\"font-family: Arial,serif;\">Kvalit\u00e9<\/span><\/span><\/span><\/span><\/b><\/span><\/p>\n<p class=\"p1\"><span class=\"s1\"><b> Genom att uppfylla samh\u00e4llets lagar samt placerarens och den boendes f\u00f6rv\u00e4ntningar ska Carlslund st\u00f6dboende vara ett sj\u00e4lvklart val f\u00f6r v\u00e5ra kunder.<br \/>\nKvalitetsarbete ska leda till n\u00f6jdare kunder samt utveckling av v\u00e5r verksamhet. F\u00f6r att kunna erbjuda b\u00e4sta m\u00f6jliga st\u00f6d arbetar vi kontinuerligt med kompetensutveckling i personalgruppen.<\/b><\/span><\/p>\n<p style=\"text-align: left;\"><span style=\"font-family: Times New Roman,serif;\"><span style=\"font-size: medium;\"><span style=\"color: #3f382f;\"><span style=\"font-family: Arial,serif;\"><b>Milj\u00f6<\/b><\/span><\/span><\/span><\/span><\/p>\n<p class=\"p1\"><span class=\"s1\"><b>Vi str\u00e4var efter att minska den milj\u00f6belastning som verksamheterna f\u00f6rorsakar.<br \/>\nDetta ska vi g\u00f6ra genom effektivare anv\u00e4ndning av energi, f\u00f6rbrukningsartiklar och r\u00e5varor. Vi har som m\u00e5l att minska avfallsm\u00e4ngderna fr\u00e5n v\u00e5r verksamhet samt s\u00e4kerst\u00e4lla milj\u00f6riktig hantering av v\u00e5rt avfall.<br \/>\nF\u00f6r att driva ett aktivt milj\u00f6arbete arbetar vi n\u00e4ra v\u00e5ra leverant\u00f6rer, placerare och samarbetspartners.<br \/>\nVi ska f\u00f6lja marknadens och placerarens krav inom milj\u00f6omr\u00e5det samt f\u00f6lja g\u00e4llande lagar och f\u00f6rordningar.<\/b><\/span><\/p>\n<p><img loading=\"lazy\" decoding=\"async\" class=\"alignnone size-large wp-image-357\" src=\"https:\/\/www.carlslundstodboende.se\/wp-content\/uploads\/2025\/04\/drone1-1030x773.jpg\" alt=\"\" width=\"1030\" height=\"773\" srcset=\"https:\/\/www.carlslundstodboende.se\/wp-content\/uploads\/2025\/04\/drone1-1030x773.jpg 1030w, https:\/\/www.carlslundstodboende.se\/wp-content\/uploads\/2025\/04\/drone1-300x225.jpg 300w, https:\/\/www.carlslundstodboende.se\/wp-content\/uploads\/2025\/04\/drone1-768x576.jpg 768w, https:\/\/www.carlslundstodboende.se\/wp-content\/uploads\/2025\/04\/drone1-1536x1152.jpg 1536w, https:\/\/www.carlslundstodboende.se\/wp-content\/uploads\/2025\/04\/drone1-2048x1536.jpg 2048w, https:\/\/www.carlslundstodboende.se\/wp-content\/uploads\/2025\/04\/drone1-1500x1125.jpg 1500w, https:\/\/www.carlslundstodboende.se\/wp-content\/uploads\/2025\/04\/drone1-705x529.jpg 705w, https:\/\/www.carlslundstodboende.se\/wp-content\/uploads\/2025\/04\/drone1-450x338.jpg 450w\" sizes=\"auto, (max-width: 1030px) 100vw, 1030px\" \/><\/p>\n<\/div><\/section>\n","protected":false},"excerpt":{"rendered":"","protected":false},"author":2,"featured_media":0,"parent":0,"menu_order":0,"comment_status":"closed","ping_status":"closed","template":"","meta":{"footnotes":""},"class_list":["post-36","page","type-page","status-publish","hentry"],"_links":{"self":[{"href":"https:\/\/www.carlslundstodboende.se\/index.php?rest_route=\/wp\/v2\/pages\/36","targetHints":{"allow":["GET"]}}],"collection":[{"href":"https:\/\/www.carlslundstodboende.se\/index.php?rest_route=\/wp\/v2\/pages"}],"about":[{"href":"https:\/\/www.carlslundstodboende.se\/index.php?rest_route=\/wp\/v2\/types\/page"}],"author":[{"embeddable":true,"href":"https:\/\/www.carlslundstodboende.se\/index.php?rest_route=\/wp\/v2\/users\/2"}],"replies":[{"embeddable":true,"href":"https:\/\/www.carlslundstodboende.se\/index.php?rest_route=%2Fwp%2Fv2%2Fcomments&post=36"}],"version-history":[{"count":63,"href":"https:\/\/www.carlslundstodboende.se\/index.php?rest_route=\/wp\/v2\/pages\/36\/revisions"}],"predecessor-version":[{"id":535,"href":"https:\/\/www.carlslundstodboende.se\/index.php?rest_route=\/wp\/v2\/pages\/36\/revisions\/535"}],"wp:attachment":[{"href":"https:\/\/www.carlslundstodboende.se\/index.php?rest_route=%2Fwp%2Fv2%2Fmedia&parent=36"}],"curies":[{"name":"wp","href":"https:\/\/api.w.org\/{rel}","templated":true}]}}